{"id":1319,"date":"2021-11-21T15:14:19","date_gmt":"2021-11-21T15:14:19","guid":{"rendered":"https:\/\/2023.freiaemterhaus-rigi.ch\/?page_id=1319"},"modified":"2024-01-09T20:24:08","modified_gmt":"2024-01-09T20:24:08","slug":"about","status":"publish","type":"page","link":"https:\/\/2023.freiaemterhaus-rigi.ch\/","title":{"rendered":"Haus"},"content":{"rendered":"<style>\/*! elementor - v3.17.0 - 08-11-2023 *\/\n.elementor-heading-title{padding:0;margin:0;line-height:1}.elementor-widget-heading .elementor-heading-title[class*=elementor-size-]>a{color:inherit;font-size:inherit;line-height:inherit}.elementor-widget-heading .elementor-heading-title.elementor-size-small{font-size:15px}.elementor-widget-heading .elementor-heading-title.elementor-size-medium{font-size:19px}.elementor-widget-heading .elementor-heading-title.elementor-size-large{font-size:29px}.elementor-widget-heading .elementor-heading-title.elementor-size-xl{font-size:39px}.elementor-widget-heading .elementor-heading-title.elementor-size-xxl{font-size:59px}<\/style>\n<h1>Frei\u00e4mter Ferienhaus<br \/>Rigi Kl\u00f6sterli<\/h1>\n<h4>Gruppenunterkunft auf Rigi Kl\u00f6sterli<br \/>77 Betten in 34 Zimmer<br \/>Grossz\u00fcgige Aufenthaltsr\u00e4ume mit funktionaler K\u00fcche f\u00fcr Selbstversorger<\/h4>\n<style>\/*! elementor - v3.17.0 - 08-11-2023 *\/\n.elementor-widget-image{text-align:center}.elementor-widget-image a{display:inline-block}.elementor-widget-image a img[src$=\".svg\"]{width:48px}.elementor-widget-image img{vertical-align:middle;display:inline-block}<\/style>\n<p>\t\t\t\t\t\t\t\t\t\t\t\t<img fetchpriority=\"high\" decoding=\"async\" width=\"1024\" height=\"718\" src=\"https:\/\/2023.freiaemterhaus-rigi.ch\/wp-content\/uploads\/2023\/12\/sommer.jpg\" alt=\"\" srcset=\"https:\/\/2023.freiaemterhaus-rigi.ch\/wp-content\/uploads\/2023\/12\/sommer.jpg 1024w, https:\/\/2023.freiaemterhaus-rigi.ch\/wp-content\/uploads\/2023\/12\/sommer-300x210.jpg 300w, https:\/\/2023.freiaemterhaus-rigi.ch\/wp-content\/uploads\/2023\/12\/sommer-768x539.jpg 768w\" sizes=\"(max-width: 1024px) 100vw, 1024px\" \/>\t\t\t\t\t\t\t\t\t\t\t\t\t\t\t<\/p>\n<h3>Das Haus<\/h3>\n<p>Build the best product that creates the most value for our customers, use business to inspire and implement environmentally friendly solutions.<\/p>\n<h3>Die Umgebung<\/h3>\n<p>We strive to go above and beyond for our clients no matter the challenge. We aim to deliver our very best work every single day across our services.<\/p>\n<p>\t\t\t\t\t\t\t\t\t\t\t\t\t\t\t<img decoding=\"async\" src=\"https:\/\/2023.freiaemterhaus-rigi.ch\/wp-content\/uploads\/2021\/11\/quotes.svg\" alt=\"\" \/>\t\t\t\t\t\t\t\t\t\t\t\t\t\t\t<\/p>\n<h4>\u201cLove Nature has an amazing team of hard working professionals. It has been a pleasure to meet them.\u201d<\/h4>\n<p>\t\t\t\t\t\t\t\t\t\t\t\t\t\t\t<img decoding=\"async\" width=\"128\" height=\"128\" src=\"https:\/\/2023.freiaemterhaus-rigi.ch\/wp-content\/uploads\/2021\/11\/avatar_on_about.png\" alt=\"\" \/>\t\t\t\t\t\t\t\t\t\t\t\t\t\t\t<\/p>\n<p>Emily Davis<\/p>\n","protected":false},"excerpt":{"rendered":"<p>Frei\u00e4mter FerienhausRigi Kl\u00f6sterli Gruppenunterkunft auf Rigi Kl\u00f6sterli77 Betten in 34 ZimmerGrossz\u00fcgige Aufenthaltsr\u00e4ume mit funktionaler K\u00fcche f\u00fcr Selbstversorger Das Haus Build the best product that creates the most value for our customers, use business to inspire and implement environmentally friendly solutions. Die Umgebung We strive to go above and beyond for our clients no matter the &hellip;<\/p>\n<p class=\"read-more\"> <a class=\"\" href=\"https:\/\/2023.freiaemterhaus-rigi.ch\/\"> <span class=\"screen-reader-text\">Haus<\/span> Weiterlesen &raquo;<\/a><\/p>\n","protected":false},"author":1,"featured_media":0,"parent":0,"menu_order":0,"comment_status":"closed","ping_status":"closed","template":"","meta":{"_uag_custom_page_level_css":"","site-sidebar-layout":"no-sidebar","site-content-layout":"page-builder","ast-site-content-layout":"full-width-container","site-content-style":"unboxed","site-sidebar-style":"unboxed","ast-global-header-display":"","ast-banner-title-visibility":"","ast-main-header-display":"","ast-hfb-above-header-display":"","ast-hfb-below-header-display":"","ast-hfb-mobile-header-display":"","site-post-title":"disabled","ast-breadcrumbs-content":"","ast-featured-img":"disabled","footer-sml-layout":"","theme-transparent-header-meta":"enabled","adv-header-id-meta":"","stick-header-meta":"","header-above-stick-meta":"","header-main-stick-meta":"","header-below-stick-meta":"","astra-migrate-meta-layouts":"set","ast-page-background-enabled":"default","ast-page-background-meta":{"desktop":{"background-color":"var(--ast-global-color-4)","background-image":"","background-repeat":"repeat","background-position":"center center","background-size":"auto","background-attachment":"scroll","background-type":"","background-media":"","overlay-type":"","overlay-color":"","overlay-gradient":""},"tablet":{"background-color":"","background-image":"","background-repeat":"repeat","background-position":"center center","background-size":"auto","background-attachment":"scroll","background-type":"","background-media":"","overlay-type":"","overlay-color":"","overlay-gradient":""},"mobile":{"background-color":"","background-image":"","background-repeat":"repeat","background-position":"center center","background-size":"auto","background-attachment":"scroll","background-type":"","background-media":"","overlay-type":"","overlay-color":"","overlay-gradient":""}},"ast-content-background-meta":{"desktop":{"background-color":"var(--ast-global-color-5)","background-image":"","background-repeat":"repeat","background-position":"center center","background-size":"auto","background-attachment":"scroll","background-type":"","background-media":"","overlay-type":"","overlay-color":"","overlay-gradient":""},"tablet":{"background-color":"var(--ast-global-color-5)","background-image":"","background-repeat":"repeat","background-position":"center center","background-size":"auto","background-attachment":"scroll","background-type":"","background-media":"","overlay-type":"","overlay-color":"","overlay-gradient":""},"mobile":{"background-color":"var(--ast-global-color-5)","background-image":"","background-repeat":"repeat","background-position":"center center","background-size":"auto","background-attachment":"scroll","background-type":"","background-media":"","overlay-type":"","overlay-color":"","overlay-gradient":""}},"footnotes":""},"class_list":["post-1319","page","type-page","status-publish","hentry"],"uagb_featured_image_src":{"full":false,"thumbnail":false,"medium":false,"medium_large":false,"large":false,"1536x1536":false,"2048x2048":false},"uagb_author_info":{"display_name":"admin","author_link":"https:\/\/2023.freiaemterhaus-rigi.ch\/?author=1"},"uagb_comment_info":0,"uagb_excerpt":"Frei\u00e4mter FerienhausRigi Kl\u00f6sterli Gruppenunterkunft auf Rigi Kl\u00f6sterli77 Betten in 34 ZimmerGrossz\u00fcgige Aufenthaltsr\u00e4ume mit funktionaler K\u00fcche f\u00fcr Selbstversorger Das Haus Build the best product that creates the most value for our customers, use business to inspire and implement environmentally friendly solutions. Die Umgebung We strive to go above and beyond for our clients no matter the&hellip;","_links":{"self":[{"href":"https:\/\/2023.freiaemterhaus-rigi.ch\/index.php?rest_route=\/wp\/v2\/pages\/1319","targetHints":{"allow":["GET"]}}],"collection":[{"href":"https:\/\/2023.freiaemterhaus-rigi.ch\/index.php?rest_route=\/wp\/v2\/pages"}],"about":[{"href":"https:\/\/2023.freiaemterhaus-rigi.ch\/index.php?rest_route=\/wp\/v2\/types\/page"}],"author":[{"embeddable":true,"href":"https:\/\/2023.freiaemterhaus-rigi.ch\/index.php?rest_route=\/wp\/v2\/users\/1"}],"replies":[{"embeddable":true,"href":"https:\/\/2023.freiaemterhaus-rigi.ch\/index.php?rest_route=%2Fwp%2Fv2%2Fcomments&post=1319"}],"version-history":[{"count":9,"href":"https:\/\/2023.freiaemterhaus-rigi.ch\/index.php?rest_route=\/wp\/v2\/pages\/1319\/revisions"}],"predecessor-version":[{"id":1347,"href":"https:\/\/2023.freiaemterhaus-rigi.ch\/index.php?rest_route=\/wp\/v2\/pages\/1319\/revisions\/1347"}],"wp:attachment":[{"href":"https:\/\/2023.freiaemterhaus-rigi.ch\/index.php?rest_route=%2Fwp%2Fv2%2Fmedia&parent=1319"}],"curies":[{"name":"wp","href":"https:\/\/api.w.org\/{rel}","templated":true}]}}